{"id":67,"date":"2025-07-18T13:50:01","date_gmt":"2025-07-18T13:50:01","guid":{"rendered":"https:\/\/www.new.i-ams.com\/?page_id=67"},"modified":"2025-09-02T14:09:22","modified_gmt":"2025-09-02T14:09:22","slug":"front_page","status":"publish","type":"page","link":"https:\/\/www.new.i-ams.com\/","title":{"rendered":"Home"},"content":{"rendered":"\n\n\n\n<strong>OBSZAR ZASTOSOWA\u0143<\/strong>\n\n\n\nKlienci Tebis wytwarzaj\u0105 zar\u00f3wno pojedyncze elementy \u2013 takie jak formy wtryskowe, matryce czy modele \u2013 jak i serie cz\u0119\u015bci z metalu oraz tworzyw sztucznych, zawsze w najwy\u017cszej jako\u015bci. To cenieni partnerzy \u015bwiatowych koncern\u00f3w motoryzacyjnych, lotniczych i maszynowych. Z rozwi\u0105za\u0144 Tebis korzystaj\u0105 tak\u017ce firmy z bran\u017cy sport\u00f3w motorowych, energetyki, rolnictwa, technologii medycznej oraz d\u00f3br konsumpcyjnych\n\n\n\n\n\n\n\n\n\n\nMOTORZACJA\n\n\n\n\n\n\n\n\n\nprodukcja form wtryskowych\n\n\n\n\n\n\n\n\n\nLOTNICTWO <br>I ASTRONUTYKA\n\n\n\n\n\n\n\n\n\nWYTWARZANIE MATRYC\n\n\n\n\n\n\n\n\n\nPROUKCJA MASZYN\n\n\n\n\n\n\n\n\n\nWYKONYWANIE MODELI\n\n\n\n\n\n\n\n\n\n\n<span style=\"font-family: Open Sans;font-weight: 400\" class=\"kubio-has-inline-font-family-weight\">O NAS<\/span>\n\n\n\n\n\n<span style=\"font-family: Open Sans;font-weight: 400\" class=\"kubio-has-inline-font-family-weight\">Nazwa <strong>AMS \u2013 Advanced Manufacturing Solutions<\/strong> odzwierciedla filozofi\u0119 firmy: \u0142\u0105czenie zaawansowanych technologii z praktycznym doradztwem i elastycznym podej\u015bciem do potrzeb klient\u00f3w. To kontynuacja sprawdzonej jako\u015bci, ale w nowym wymiarze \u2013 dostosowanym do reali\u00f3w <strong>Przemys\u0142u 4.0<\/strong>.<\/span>\n\n\n\n\n<strong>Dowiedz si\u0119 Wi\u0119CEJ<\/strong>\n\n\n\n\n\n\n\n\n\n\n\n\n\n\n<strong><span style=\"font-family: Open Sans;font-weight: 400\" class=\"kubio-has-inline-font-family-weight\">SERWIS i WSPARCIE TECHNICZNE<\/span><\/strong>\n\n\n\n\n\n<span style=\"font-family: Open Sans;font-weight: 400\" class=\"kubio-has-inline-font-family-weight\">Je\u015bli szukasz serwisu, kt\u00f3ry rozumie nie tylko oprogramowanie, ale i Tw\u00f3j proces <br>\u2013 jeste\u015bmy tu, by Ci\u0119 wspiera\u0107.<\/span>\n\n\n\n\n\n\n\n\n\n\n\n<strong>diagnostyka i optymalizacja proces\u00f3w CAM<\/strong>\n\n\n\nSpecjalizujemy si\u0119 w obs\u0142udze i serwisie szerokiego spektrum zaawansowanych system\u00f3w CAD\/CAM\n\n\n\n\n\n\n\n<span style=\"font-family: Open Sans;font-weight: 400\" class=\"kubio-has-inline-font-family-weight\"><strong>pomoc techniczn\u0105<\/strong><br><strong> zdalnie i u klienta<\/strong><\/span>\n\n\n\nKluczowym elementem skutecznego wdro\u017cenia oprogramowania jest <strong>trwa\u0142e i fachowe wsparcie techniczne<\/strong>.\n\n\n\n\n\n\n\n<strong>opieka powdro\u017ceniowa i doradztwo d\u0142ugoterminowe<\/strong>\n\n\n\nAMS International \u0142\u0105czy kompetencje technologiczne z praktyk\u0105 przemys\u0142ow\u0105.\n\n\n\n\n\n\n\n\n\n\n\n<span style=\"font-family: Open Sans;font-weight: 400\" class=\"kubio-has-inline-font-family-weight\">GDZIE NAS ZNAJDZIESZ<\/span>\n\n\n\n\n\nMS International dzia\u0142a na terenie ca\u0142ej Polski, oferuj\u0105c swoim klientom dost\u0119p do nowoczesnych rozwi\u0105za\u0144 CAD\/CAM\/CAQ oraz pe\u0142ne wsparcie techniczne i doradcze. <br>Nasze biura zlokalizowane s\u0105 w Warszawie, Bydgoszczy i Lublinie.\n\n\n\n<strong>WARSZAWA<\/strong><br><a href=\"https:\/\/www.google.com\/maps\/place\/\/data=!4m2!3m1!1s0x471ed3f1ee16e855:0x3900821ce3f3f993?sa=X&amp;ved=1t:8290&amp;ictx=111\">al. Marsz. J\u00f3zefa Pi\u0142sudskiego 4f\/3<\/a><br><a href=\"https:\/\/www.google.com\/maps\/place\/\/data=!4m2!3m1!1s0x471ed3f1ee16e855:0x3900821ce3f3f993?sa=X&amp;ved=1t:8290&amp;ictx=111\">05-077 Warszawa<\/a>\n\n\n\n\n\n<blockquote class=\"wp-block-quote is-layout-flow wp-block-quote-is-layout-flow\">\n<p><strong>BYDGOSZCZ<\/strong><br><a href=\"https:\/\/www.google.com\/maps\/place\/\/data=!4m2!3m1!1s0x470315969b8de09f:0x7330096333848c3f?sa=X&amp;ved=1t:8290&amp;ictx=111\">Bydgoskich Przemys\u0142owc\u00f3w 6\/lok. 210<\/a><br><a href=\"https:\/\/www.google.com\/maps\/place\/\/data=!4m2!3m1!1s0x470315969b8de09f:0x7330096333848c3f?sa=X&amp;ved=1t:8290&amp;ictx=111\"> 85-862 Bydgoszcz<\/a><\/p>\n<\/blockquote>\n\n\n\n\n\n<blockquote class=\"wp-block-quote is-layout-flow wp-block-quote-is-layout-flow\">\n<p><strong>LUBLIN<\/strong><br><a href=\"https:\/\/www.google.com\/maps\/place\/\/data=!4m2!3m1!1s0x470315969b8de09f:0x7330096333848c3f?sa=X&amp;ved=1t:8290&amp;ictx=111\">Garbarska 18\/lok. 1<\/a>6<br><a href=\"https:\/\/www.google.com\/maps\/place\/\/data=!4m2!3m1!1s0x470315969b8de09f:0x7330096333848c3f?sa=X&amp;ved=1t:8290&amp;ictx=111\"> 20-340&nbsp;Lublin<\/a><\/p>\n<\/blockquote>\n\n\n\n\n\n","protected":false},"excerpt":{"rendered":"","protected":false},"author":2,"featured_media":0,"parent":0,"menu_order":0,"comment_status":"closed","ping_status":"closed","template":"","meta":{"_uag_custom_page_level_css":"","inspiro_hide_title":false,"footnotes":""},"class_list":["post-67","page","type-page","status-publish","hentry"],"uagb_featured_image_src":{"full":false,"thumbnail":false,"medium":false,"medium_large":false,"large":false,"1536x1536":false,"2048x2048":false,"inspiro-featured-image":false,"inspiro-loop":false,"inspiro-loop@2x":false},"uagb_author_info":{"display_name":"Agnieszka Kr\u00f3lik","author_link":"https:\/\/www.new.i-ams.com\/?author=2"},"uagb_comment_info":0,"uagb_excerpt":null,"_links":{"self":[{"href":"https:\/\/www.new.i-ams.com\/index.php?rest_route=\/wp\/v2\/pages\/67","targetHints":{"allow":["GET"]}}],"collection":[{"href":"https:\/\/www.new.i-ams.com\/index.php?rest_route=\/wp\/v2\/pages"}],"about":[{"href":"https:\/\/www.new.i-ams.com\/index.php?rest_route=\/wp\/v2\/types\/page"}],"author":[{"embeddable":true,"href":"https:\/\/www.new.i-ams.com\/index.php?rest_route=\/wp\/v2\/users\/2"}],"replies":[{"embeddable":true,"href":"https:\/\/www.new.i-ams.com\/index.php?rest_route=%2Fwp%2Fv2%2Fcomments&post=67"}],"version-history":[{"count":14,"href":"https:\/\/www.new.i-ams.com\/index.php?rest_route=\/wp\/v2\/pages\/67\/revisions"}],"predecessor-version":[{"id":264,"href":"https:\/\/www.new.i-ams.com\/index.php?rest_route=\/wp\/v2\/pages\/67\/revisions\/264"}],"wp:attachment":[{"href":"https:\/\/www.new.i-ams.com\/index.php?rest_route=%2Fwp%2Fv2%2Fmedia&parent=67"}],"curies":[{"name":"wp","href":"https:\/\/api.w.org\/{rel}","templated":true}]}}